{"id":1135,"date":"2018-12-18T02:24:27","date_gmt":"2018-12-17T20:54:27","guid":{"rendered":"http:\/\/recflex-group.com\/?page_id=1135"},"modified":"2018-12-20T03:40:36","modified_gmt":"2018-12-19T22:10:36","slug":"original-hoses","status":"publish","type":"page","link":"https:\/\/recflex-group.com\/index.php\/original-hoses\/","title":{"rendered":"Original Hoses"},"content":{"rendered":"<p>[vc_row fullwidth=\u00bbyes\u00bb][vc_column][vc_single_image image=\u00bb1157&#8243; img_size=\u00bbfull\u00bb alignment=\u00bbcenter\u00bb][\/vc_column][\/vc_row][vc_row][vc_column width=\u00bb1\/2&#8243;][vc_row_inner][vc_column_inner][vc_column_text]<\/p>\n<h3 style=\"text-align: center;\"><strong>Somos Fabricantes<\/strong><\/h3>\n<p>[\/vc_column_text][\/vc_column_inner][\/vc_row_inner][vc_row_inner][vc_column_inner][vc_column_text]<em><strong>todo tipo de mangueras para todo uso, tanto en industria como en el campo agr\u00edcola.\u00a0<\/strong><\/em><em><strong>Contamos con varios modelos de mangueras con el fin de cumplir las diferentes aplicaciones requeridas con los m\u00e1s altos est\u00e1ndares de calidad internacional:<\/strong><\/em>[\/vc_column_text][\/vc_column_inner][\/vc_row_inner][vc_row_inner][vc_column_inner width=\u00bb1\/2&#8243;][vc_column_text]<\/p>\n<ul>\n<li>\u00a0L\u00edneas hidr\u00e1ulicas aplicable a varias presiones de trabajo<\/li>\n<li>Succi\u00f3n y descarga de l\u00edquidos<\/li>\n<li>Fumigaci\u00f3n agr\u00edcola<\/li>\n<li>Mangueras para riego<\/li>\n<\/ul>\n<p>[\/vc_column_text][\/vc_column_inner][vc_column_inner width=\u00bb1\/2&#8243;][vc_column_text]<\/p>\n<ul>\n<li>Mangueras automotrices<\/li>\n<li>Mangueras para todo tipo de industria<\/li>\n<li>Mangueras para uso dom\u00e9stico<\/li>\n<li>L\u00edneas neum\u00e1ticas industriales y automotrices<\/li>\n<\/ul>\n<p>[\/vc_column_text][\/vc_column_inner][\/vc_row_inner][\/vc_column][vc_column width=\u00bb1\/2&#8243;][vc_media_grid item=\u00bbmediaGrid_FadeInWithIcon\u00bb grid_id=\u00bbvc_gid:1545257146440-4e2d3050-3c95-4&#8243; include=\u00bb1198,1191,1192,1193,1194,1195,1196,1197,1199,1200,1201,1202,1203,1204,1205,1206,1207,1208,1209&#8243;][\/vc_column][\/vc_row][vc_row css=\u00bb.vc_custom_1543337330686{margin-top: 50px !important;margin-bottom: 70px !important;}\u00bb][vc_column width=\u00bb1\/6&#8243;][\/vc_column][vc_column width=\u00bb2\/3&#8243;]\n    <h2 class=\"text-center\" >L\u00cdNEAS DE PRODUCTOS<\/h2>\n    \t    <div class=\"wprt-lines style-2 custom-1\">\n\t        <div class=\"line-1\"><\/div>\n\t    <\/div>\n    \n        \t\n[vc_empty_space height=\u00bb10px\u00bb]\n\t\t\n        <div class=\"wprt-partners\">\n\t        <div id=\"partner-69f95bb59d25a\" class=\"owl-carousel\">\n\t        \t\t\t\t\t<div class=\"partner\">\n\t\t\t\t\t<a href=\"http:\/\/recflex-group.com\/index.php\/original-hoses\/\" >\t            \t\t<img decoding=\"async\" src=\"https:\/\/recflex-group.com\/wp-content\/uploads\/2018\/11\/v4.png\" alt=\"\">\n\t            \t<\/a>\t\t\t\t<\/div>\n\t\t\t\t\t\t\t\t<div class=\"partner\">\n\t\t\t\t\t<a href=\"http:\/\/recflex-group.com\/index.php\/truck-parts\/\" >\t            \t\t<img decoding=\"async\" src=\"https:\/\/recflex-group.com\/wp-content\/uploads\/2018\/11\/v3.png\" alt=\"\">\n\t            \t<\/a>\t\t\t\t<\/div>\n\t\t\t\t\t\t\t\t<div class=\"partner\">\n\t\t\t\t\t<a href=\"http:\/\/recflex-group.com\/index.php\/industrial-parts\/\" >\t            \t\t<img decoding=\"async\" src=\"https:\/\/recflex-group.com\/wp-content\/uploads\/2018\/11\/v2.png\" alt=\"\">\n\t            \t<\/a>\t\t\t\t<\/div>\n\t\t\t\t\t\t\t\t<div class=\"partner\">\n\t\t\t\t\t<a href=\"http:\/\/recflex-group.com\/index.php\/auto-parts\/\" >\t            \t\t<img decoding=\"async\" src=\"https:\/\/recflex-group.com\/wp-content\/uploads\/2018\/11\/v1.png\" alt=\"\">\n\t            \t<\/a>\t\t\t\t<\/div>\n\t\t\t\t\t\t\t<\/div>\n\t\t<\/div>\n\t\t<script>\n\t\t\t(function($) { \"use strict\";\t\n\n\t\t\t\t$( \"#partner-69f95bb59d25a\" ).owlCarousel({\n    \t\t\t\tautoplay: true,\n\t            \tautoplayTimeout: 6000,\n\t\t            items : 4,\n\t\t            responsiveClass:true,\n\t\t            navigation : false,\n\t\t            pagination : false,\n\t\t            navigationText: [\"\",\"\"],\n\t\t            responsive : {\n\t\t\t            \/\/ breakpoint from 0 up\n\t\t\t            0 : {\n\t\t\t               items:1,\n\t\t\t            },\n\t\t\t            \/\/ breakpoint from 480 up\n\t\t\t            480 : {\n\t\t\t               items:1,\n\t\t\t            },\n\t\t\t            \/\/ breakpoint from 768 up\n\t\t\t            768 : {\n\t\t\t                items:3,\n\t\t\t            },\n\t\t\t            992 : {\n\t\t\t                items:3,\n\t\t\t            },\n\t\t\t            1440 : {\n\t\t\t                items:4 - 1,\n\t\t\t            },\n\t\t\t            1920 : {\n\t\t\t                items:4,\n\t\t\t            }\n\t\t\t        },\n\t\t            \n\t\t        }); \n\n\t\t\t})(jQuery); \n\t\t<\/script>\n\t\n[vc_column_text css=\u00bb.vc_custom_1497520263747{margin-bottom: 0px !important;}\u00bb]<\/p>\n<div class=\"wprt-spacer\" style=\"height: 0px;\" data-desktop=\"0\" data-mobi=\"35\" data-smobi=\"35\"><\/div>\n<p>[\/vc_column_text][\/vc_column][vc_column width=\u00bb1\/6&#8243;][\/vc_column][\/vc_row]<\/p>\n","protected":false},"excerpt":{"rendered":"<p>[vc_row fullwidth=\u00bbyes\u00bb][vc_column][vc_single_image image=\u00bb1157&#8243; img_size=\u00bbfull\u00bb alignment=\u00bbcenter\u00bb][\/vc_column][\/vc_row][vc_row][vc_column width=\u00bb1\/2&#8243;][vc_row_inner][vc_column_inner][vc_column_text] Somos Fabricantes [\/vc_column_text][\/vc_column_inner][\/vc_row_inner][vc_row_inner][vc_column_inner][vc_column_text]todo tipo de mangueras para todo uso, tanto en industria como en el campo agr\u00edcola.\u00a0Contamos con varios modelos de mangueras con el fin de cumplir las diferentes aplicaciones requeridas con los m\u00e1s altos est\u00e1ndares de calidad internacional:[\/vc_column_text][\/vc_column_inner][\/vc_row_inner][vc_row_inner][vc_column_inner width=\u00bb1\/2&#8243;][vc_column_text] \u00a0L\u00edneas hidr\u00e1ulicas aplicable a varias presiones de trabajo Succi\u00f3n [&hellip;]<\/p>\n","protected":false},"author":1,"featured_media":0,"parent":0,"menu_order":0,"comment_status":"closed","ping_status":"open","template":"page-templates\/template-canvas.php","meta":{"om_disable_all_campaigns":false,"_monsterinsights_skip_tracking":false,"_monsterinsights_sitenote_active":false,"_monsterinsights_sitenote_note":"","_monsterinsights_sitenote_category":0,"footnotes":""},"_links":{"self":[{"href":"https:\/\/recflex-group.com\/index.php\/wp-json\/wp\/v2\/pages\/1135"}],"collection":[{"href":"https:\/\/recflex-group.com\/index.php\/wp-json\/wp\/v2\/pages"}],"about":[{"href":"https:\/\/recflex-group.com\/index.php\/wp-json\/wp\/v2\/types\/page"}],"author":[{"embeddable":true,"href":"https:\/\/recflex-group.com\/index.php\/wp-json\/wp\/v2\/users\/1"}],"replies":[{"embeddable":true,"href":"https:\/\/recflex-group.com\/index.php\/wp-json\/wp\/v2\/comments?post=1135"}],"version-history":[{"count":10,"href":"https:\/\/recflex-group.com\/index.php\/wp-json\/wp\/v2\/pages\/1135\/revisions"}],"predecessor-version":[{"id":1214,"href":"https:\/\/recflex-group.com\/index.php\/wp-json\/wp\/v2\/pages\/1135\/revisions\/1214"}],"wp:attachment":[{"href":"https:\/\/recflex-group.com\/index.php\/wp-json\/wp\/v2\/media?parent=1135"}],"curies":[{"name":"wp","href":"https:\/\/api.w.org\/{rel}","templated":true}]}}