{"id":1074,"date":"2018-11-30T01:28:53","date_gmt":"2018-11-29T19:58:53","guid":{"rendered":"http:\/\/recflex-group.com\/?page_id=1074"},"modified":"2018-12-20T04:15:05","modified_gmt":"2018-12-19T22:45:05","slug":"truck-parts","status":"publish","type":"page","link":"https:\/\/recflex-group.com\/index.php\/truck-parts\/","title":{"rendered":"Truck Parts"},"content":{"rendered":"<p>[vc_row fullwidth=\u00bbyes\u00bb][vc_column][vc_single_image image=\u00bb1152&#8243; img_size=\u00bbfull\u00bb alignment=\u00bbcenter\u00bb][\/vc_column][\/vc_row][vc_row][vc_column width=\u00bb1\/2&#8243;][vc_row_inner][vc_column_inner][vc_column_text]<\/p>\n<h3 style=\"text-align: center;\"><strong>Partes y repuestos para veh\u00edculos pesados en las categor\u00edas de:<\/strong><\/h3>\n<p>[\/vc_column_text][\/vc_column_inner][\/vc_row_inner][vc_row_inner][vc_column_inner width=\u00bb1\/2&#8243;][vc_column_text]<\/p>\n<ul>\n<li>V\u00e1lvulas y bombas<\/li>\n<li>Partes de freno de aire<\/li>\n<li>Pernos y partes de rueda<\/li>\n<\/ul>\n<p>[\/vc_column_text][\/vc_column_inner][vc_column_inner width=\u00bb1\/2&#8243;][vc_column_text]<\/p>\n<ul>\n<li>Suspensi\u00f3n mec\u00e1nica y neum\u00e1tica<\/li>\n<li>Piezas y partes de direcci\u00f3n<\/li>\n<\/ul>\n<p>[\/vc_column_text][\/vc_column_inner][\/vc_row_inner][vc_row_inner][vc_column_inner][vc_column_text]<\/p>\n<h3 style=\"text-align: center;\"><strong>Compatibles con la mayor\u00eda de buses, volquetas, camiones, plataformas y trailers a nivel mundial:<\/strong><\/h3>\n<p>[\/vc_column_text][\/vc_column_inner][\/vc_row_inner][vc_row_inner][vc_column_inner width=\u00bb1\/4&#8243;][vc_column_text]<\/p>\n<ul>\n<li>Advance Mixer<\/li>\n<li>American LaFrance<\/li>\n<li>Autocar<\/li>\n<li>Binkley<\/li>\n<li>Blue Bird Bus<\/li>\n<li>Chalmers<\/li>\n<li>Chevrolet<\/li>\n<li>City Welding<\/li>\n<li>Crane Carrier<\/li>\n<li>Crown Coach<\/li>\n<li>Cummins<\/li>\n<\/ul>\n<p>[\/vc_column_text][\/vc_column_inner][vc_column_inner width=\u00bb1\/4&#8243;][vc_column_text]<\/p>\n<ul>\n<li>Dana\/Spicer<\/li>\n<li>Dayton<\/li>\n<li>Dodge<\/li>\n<li>Eaton<\/li>\n<li>Fire Truck<\/li>\n<li>Ford<\/li>\n<li>Freightliner<\/li>\n<li>Fruehauf<\/li>\n<li>Great Dane<\/li>\n<li>Hendrickson<\/li>\n<li>Hendrickson Turner<\/li>\n<li>Hino<\/li>\n<li>Daihatsu<\/li>\n<li>Ridewell<\/li>\n<\/ul>\n<p>[\/vc_column_text][\/vc_column_inner][vc_column_inner width=\u00bb1\/4&#8243;][vc_column_text]<\/p>\n<ul>\n<li>Isuzu<\/li>\n<li>Jac<\/li>\n<li>Jeep<\/li>\n<li>Kenworth<\/li>\n<li>Mack<\/li>\n<li>Mercedes<\/li>\n<li>Meritor (Rockwell)<\/li>\n<li>Mitsubishi<\/li>\n<li>Neway\/Holland<\/li>\n<li>Oshkosh<\/li>\n<li>Ottawa<\/li>\n<li>Page<\/li>\n<li>Daewoo<\/li>\n<li>Reyco\/Transpro<\/li>\n<\/ul>\n<p>[\/vc_column_text][\/vc_column_inner][vc_column_inner width=\u00bb1\/4&#8243;][vc_column_text]<\/p>\n<ul>\n<li>Volvo \/ White<\/li>\n<li>Watson &amp; Chalin<\/li>\n<li>Western Star<\/li>\n<li>Toyota<\/li>\n<li>Yutong<\/li>\n<li>Hutch<\/li>\n<li>Trailmobile<\/li>\n<li>UD \/ Nissan<\/li>\n<li>Sprinter<\/li>\n<li>Peterbilt<\/li>\n<li>Randon<\/li>\n<\/ul>\n<p>[\/vc_column_text][\/vc_column_inner][\/vc_row_inner][\/vc_column][vc_column width=\u00bb1\/2&#8243;][vc_media_grid item=\u00bbmediaGrid_FadeInWithIcon\u00bb grid_id=\u00bbvc_gid:1545259424671-1f807825-a9a2-2&#8243; include=\u00bb1229,1230,1231,1232,1233,1234,1235,1236,1237,1238&#8243;][\/vc_column][\/vc_row][vc_row css=\u00bb.vc_custom_1543337330686{margin-top: 50px !important;margin-bottom: 70px !important;}\u00bb][vc_column width=\u00bb1\/6&#8243;][\/vc_column][vc_column width=\u00bb2\/3&#8243;]\n    <h2 class=\"text-center\" >L\u00cdNEAS DE PRODUCTOS<\/h2>\n    \t    <div class=\"wprt-lines style-2 custom-1\">\n\t        <div class=\"line-1\"><\/div>\n\t    <\/div>\n    \n        \t\n[vc_empty_space height=\u00bb10px\u00bb]\n\t\t\n        <div class=\"wprt-partners\">\n\t        <div id=\"partner-69e17dc960640\" class=\"owl-carousel\">\n\t        \t\t\t\t\t<div class=\"partner\">\n\t\t\t\t\t<a href=\"http:\/\/recflex-group.com\/index.php\/original-hoses\/\" >\t            \t\t<img decoding=\"async\" src=\"https:\/\/recflex-group.com\/wp-content\/uploads\/2018\/11\/v4.png\" alt=\"\">\n\t            \t<\/a>\t\t\t\t<\/div>\n\t\t\t\t\t\t\t\t<div class=\"partner\">\n\t\t\t\t\t<a href=\"http:\/\/recflex-group.com\/index.php\/truck-parts\/\" >\t            \t\t<img decoding=\"async\" src=\"https:\/\/recflex-group.com\/wp-content\/uploads\/2018\/11\/v3.png\" alt=\"\">\n\t            \t<\/a>\t\t\t\t<\/div>\n\t\t\t\t\t\t\t\t<div class=\"partner\">\n\t\t\t\t\t<a href=\"http:\/\/recflex-group.com\/index.php\/industrial-parts\/\" >\t            \t\t<img decoding=\"async\" src=\"https:\/\/recflex-group.com\/wp-content\/uploads\/2018\/11\/v2.png\" alt=\"\">\n\t            \t<\/a>\t\t\t\t<\/div>\n\t\t\t\t\t\t\t\t<div class=\"partner\">\n\t\t\t\t\t<a href=\"http:\/\/recflex-group.com\/index.php\/auto-parts\/\" >\t            \t\t<img decoding=\"async\" src=\"https:\/\/recflex-group.com\/wp-content\/uploads\/2018\/11\/v1.png\" alt=\"\">\n\t            \t<\/a>\t\t\t\t<\/div>\n\t\t\t\t\t\t\t<\/div>\n\t\t<\/div>\n\t\t<script>\n\t\t\t(function($) { \"use strict\";\t\n\n\t\t\t\t$( \"#partner-69e17dc960640\" ).owlCarousel({\n    \t\t\t\tautoplay: true,\n\t            \tautoplayTimeout: 6000,\n\t\t            items : 4,\n\t\t            responsiveClass:true,\n\t\t            navigation : false,\n\t\t            pagination : false,\n\t\t            navigationText: [\"\",\"\"],\n\t\t            responsive : {\n\t\t\t            \/\/ breakpoint from 0 up\n\t\t\t            0 : {\n\t\t\t               items:1,\n\t\t\t            },\n\t\t\t            \/\/ breakpoint from 480 up\n\t\t\t            480 : {\n\t\t\t               items:1,\n\t\t\t            },\n\t\t\t            \/\/ breakpoint from 768 up\n\t\t\t            768 : {\n\t\t\t                items:3,\n\t\t\t            },\n\t\t\t            992 : {\n\t\t\t                items:3,\n\t\t\t            },\n\t\t\t            1440 : {\n\t\t\t                items:4 - 1,\n\t\t\t            },\n\t\t\t            1920 : {\n\t\t\t                items:4,\n\t\t\t            }\n\t\t\t        },\n\t\t            \n\t\t        }); \n\n\t\t\t})(jQuery); \n\t\t<\/script>\n\t\n[vc_column_text css=\u00bb.vc_custom_1497520263747{margin-bottom: 0px !important;}\u00bb]<\/p>\n<div class=\"wprt-spacer\" style=\"height: 0px;\" data-desktop=\"0\" data-mobi=\"35\" data-smobi=\"35\"><\/div>\n<p>[\/vc_column_text][\/vc_column][vc_column width=\u00bb1\/6&#8243;][\/vc_column][\/vc_row]<\/p>\n","protected":false},"excerpt":{"rendered":"<p>[vc_row fullwidth=\u00bbyes\u00bb][vc_column][vc_single_image image=\u00bb1152&#8243; img_size=\u00bbfull\u00bb alignment=\u00bbcenter\u00bb][\/vc_column][\/vc_row][vc_row][vc_column width=\u00bb1\/2&#8243;][vc_row_inner][vc_column_inner][vc_column_text] Partes y repuestos para veh\u00edculos pesados en las categor\u00edas de: [\/vc_column_text][\/vc_column_inner][\/vc_row_inner][vc_row_inner][vc_column_inner width=\u00bb1\/2&#8243;][vc_column_text] V\u00e1lvulas y bombas Partes de freno de aire Pernos y partes de rueda [\/vc_column_text][\/vc_column_inner][vc_column_inner width=\u00bb1\/2&#8243;][vc_column_text] Suspensi\u00f3n mec\u00e1nica y neum\u00e1tica Piezas y partes de direcci\u00f3n [\/vc_column_text][\/vc_column_inner][\/vc_row_inner][vc_row_inner][vc_column_inner][vc_column_text] Compatibles con la mayor\u00eda de buses, volquetas, camiones, plataformas y trailers a [&hellip;]<\/p>\n","protected":false},"author":1,"featured_media":0,"parent":0,"menu_order":0,"comment_status":"closed","ping_status":"open","template":"page-templates\/template-canvas.php","meta":{"om_disable_all_campaigns":false,"_monsterinsights_skip_tracking":false,"_monsterinsights_sitenote_active":false,"_monsterinsights_sitenote_note":"","_monsterinsights_sitenote_category":0,"footnotes":""},"_links":{"self":[{"href":"https:\/\/recflex-group.com\/index.php\/wp-json\/wp\/v2\/pages\/1074"}],"collection":[{"href":"https:\/\/recflex-group.com\/index.php\/wp-json\/wp\/v2\/pages"}],"about":[{"href":"https:\/\/recflex-group.com\/index.php\/wp-json\/wp\/v2\/types\/page"}],"author":[{"embeddable":true,"href":"https:\/\/recflex-group.com\/index.php\/wp-json\/wp\/v2\/users\/1"}],"replies":[{"embeddable":true,"href":"https:\/\/recflex-group.com\/index.php\/wp-json\/wp\/v2\/comments?post=1074"}],"version-history":[{"count":23,"href":"https:\/\/recflex-group.com\/index.php\/wp-json\/wp\/v2\/pages\/1074\/revisions"}],"predecessor-version":[{"id":1242,"href":"https:\/\/recflex-group.com\/index.php\/wp-json\/wp\/v2\/pages\/1074\/revisions\/1242"}],"wp:attachment":[{"href":"https:\/\/recflex-group.com\/index.php\/wp-json\/wp\/v2\/media?parent=1074"}],"curies":[{"name":"wp","href":"https:\/\/api.w.org\/{rel}","templated":true}]}}